{"id":3,"date":"2022-07-26T11:58:29","date_gmt":"2022-07-26T11:58:29","guid":{"rendered":"http:\/\/localhost\/wordpress\/?page_id=3"},"modified":"2022-09-07T05:29:12","modified_gmt":"2022-09-07T05:29:12","slug":"privacy-policy","status":"publish","type":"page","link":"https:\/\/www.jolana-krizkovska.space\/?page_id=3","title":{"rendered":"Ochrana soukrom\u00ed"},"content":{"rendered":"\n<h2 class=\"wp-block-heading\">Kdo jsem<\/h2>\n\n\n\n<p>Str\u00e1nku www.jolana-krizkovska.space vlastn\u00ed a aktualizuje Jolana K\u0159\u00ed\u017ekovsk\u00e1 z Kraso\u0148ovic. <\/p>\n\n\n\n<h2 class=\"wp-block-heading\">Koment\u00e1\u0159e<\/h2>\n\n\n\n<p>Pokud jako n\u00e1v\u0161t\u011bvn\u00edk nap\u00ed\u0161ete koment\u00e1\u0159, zaznamenaj\u00ed se data uveden\u00e1 ve formul\u00e1\u0159i, va\u0161e IP adresa a pou\u017eit\u00fd prohl\u00ed\u017ee\u010d. Pr\u00fd je to kv\u016fli detekci spamu. J\u00e1 sama data uveden\u00e1 ve formul\u00e1\u0159i vyu\u017eiji v p\u0159\u00edpad\u011b, \u017ee je ve va\u0161em koment\u00e1\u0159i ot\u00e1zka, na kterou chcete odpov\u011bd\u011bt. <\/p>\n\n\n\n<h2 class=\"wp-block-heading\">M\u00e9dia<\/h2>\n\n\n\n<p>Pokud budete vkl\u00e1dat n\u011bjak\u00e9 obr\u00e1zky, pamatujte na to, \u017ee obsahuj\u00ed data. Pokud budete naopak stahovat moje obr\u00e1zky \u010di texty, budu r\u00e1da, kdy\u017e uvedete zdroj. <\/p>\n\n\n\n<h2 class=\"wp-block-heading\">Cookies<\/h2>\n\n\n\n<p>O kol\u00e1\u010dc\u00edch \u010di su\u0161enk\u00e1ch a jejich roli na str\u00e1nk\u00e1ch v\u00edm m\u00e1lo, jejich pou\u017eit\u00ed organizuje n\u011bkdo jin\u00fd, viz provozovatelem navr\u017een\u00fd text n\u00ed\u017ee. <\/p>\n\n\n\n<p>If you leave a comment on our site you may opt-in to saving your name, email address and website in cookies. These are for your convenience so that you do not have to fill in your details again when you leave another comment. These cookies will last for one year.<\/p>\n\n\n\n<p>If you visit our login page, we will set a temporary cookie to determine if your browser accepts cookies. This cookie contains no personal data and is discarded when you close your browser.<\/p>\n\n\n\n<p>When you log in, we will also set up several cookies to save your login information and your screen display choices. Login cookies last for two days, and screen options cookies last for a year. If you select &#8222;Remember Me&#8220;, your login will persist for two weeks. If you log out of your account, the login cookies will be removed.<\/p>\n\n\n\n<p>If you edit or publish an article, an additional cookie will be saved in your browser. This cookie includes no personal data and simply indicates the post ID of the article you just edited. It expires after 1 day.<\/p>\n\n\n\n<h2 class=\"wp-block-heading\">Obsah vlo\u017een\u00fd z jin\u00fdch str\u00e1nek<\/h2>\n\n\n\n<p>Pro obsah vlo\u017een\u00fd z jin\u00fdch str\u00e1nek plat\u00ed pravidla ur\u010den\u00e1 p\u016fvodn\u00edmi str\u00e1nkami. <\/p>\n\n\n\n<h2 class=\"wp-block-heading\">S k\u00fdm sd\u00edl\u00edm va\u0161e data<\/h2>\n\n\n\n<p>V\u011bdom\u011b s nik\u00fdm. <\/p>\n\n\n\n<h2 class=\"wp-block-heading\">Jak dlouho m\u00e1m va\u0161e data<\/h2>\n\n\n\n<p>Pokud nap\u00ed\u0161ete koment\u00e1\u0159, bude viditeln\u00fd (a s n\u00edm i va\u0161e data) do t\u00e9 doby, ne\u017e jej odstran\u00edm. <\/p>\n\n\n\n<p>Pokud se zaregistrujete k odb\u011bru info, va\u0161e data budu m\u00edt tak dlouho, dokud se zase neodhl\u00e1s\u00edte. <\/p>\n\n\n\n<h2 class=\"wp-block-heading\">Va\u0161e pr\u00e1va ohledn\u011b dat<\/h2>\n\n\n\n<p>M\u016f\u017eete si za\u017e\u00e1dat o v\u00fdpis dat, kter\u00e1 o v\u00e1s na str\u00e1nk\u00e1ch m\u00e1m. M\u016f\u017eete tak\u00e9 za\u017e\u00e1dat o jejich vymaz\u00e1n\u00ed. Net\u00fdk\u00e1 se to pr\u00fd dat, kter\u00e1 mus\u00ed uchov\u00e1vat administr\u00e1tor k administrativn\u00edm, pr\u00e1vn\u00edm \u010di bezpe\u010dnostn\u00edm \u00fa\u010del\u016fm. Bl\u00ed\u017ee viz Orwell, 1984.<\/p>\n\n\n\n<h2 class=\"wp-block-heading\">Kam jsou va\u0161e data zas\u00edl\u00e1na<\/h2>\n\n\n\n<p>V\u00e1\u0161 koment\u00e1\u0159 m\u016f\u017ee b\u00fdt kontrolov\u00e1n slu\u017ebou automatick\u00e9 detekce spamu. <\/p>\n","protected":false},"excerpt":{"rendered":"<p>Kdo jsem Str\u00e1nku www.jolana-krizkovska.space vlastn\u00ed a aktualizuje Jolana K\u0159\u00ed\u017ekovsk\u00e1 z Kraso\u0148ovic. Koment\u00e1\u0159e Pokud jako n\u00e1v\u0161t\u011bvn\u00edk nap\u00ed\u0161ete koment\u00e1\u0159, zaznamenaj\u00ed se data uveden\u00e1 ve formul\u00e1\u0159i, va\u0161e IP adresa a pou\u017eit\u00fd prohl\u00ed\u017ee\u010d. Pr\u00fd je to kv\u016fli detekci spamu. J\u00e1 sama data uveden\u00e1 ve formul\u00e1\u0159i vyu\u017eiji v p\u0159\u00edpad\u011b, \u017ee je ve va\u0161em koment\u00e1\u0159i ot\u00e1zka, na kterou chcete odpov\u011bd\u011bt. M\u00e9dia [&hellip;]<\/p>\n","protected":false},"author":1,"featured_media":0,"parent":0,"menu_order":0,"comment_status":"closed","ping_status":"open","template":"","meta":{"footnotes":""},"class_list":["post-3","page","type-page","status-publish","hentry"],"_links":{"self":[{"href":"https:\/\/www.jolana-krizkovska.space\/index.php?rest_route=\/wp\/v2\/pages\/3","targetHints":{"allow":["GET"]}}],"collection":[{"href":"https:\/\/www.jolana-krizkovska.space\/index.php?rest_route=\/wp\/v2\/pages"}],"about":[{"href":"https:\/\/www.jolana-krizkovska.space\/index.php?rest_route=\/wp\/v2\/types\/page"}],"author":[{"embeddable":true,"href":"https:\/\/www.jolana-krizkovska.space\/index.php?rest_route=\/wp\/v2\/users\/1"}],"replies":[{"embeddable":true,"href":"https:\/\/www.jolana-krizkovska.space\/index.php?rest_route=%2Fwp%2Fv2%2Fcomments&post=3"}],"version-history":[{"count":1,"href":"https:\/\/www.jolana-krizkovska.space\/index.php?rest_route=\/wp\/v2\/pages\/3\/revisions"}],"predecessor-version":[{"id":39,"href":"https:\/\/www.jolana-krizkovska.space\/index.php?rest_route=\/wp\/v2\/pages\/3\/revisions\/39"}],"wp:attachment":[{"href":"https:\/\/www.jolana-krizkovska.space\/index.php?rest_route=%2Fwp%2Fv2%2Fmedia&parent=3"}],"curies":[{"name":"wp","href":"https:\/\/api.w.org\/{rel}","templated":true}]}}