{"id":8,"date":"2022-09-06T10:40:17","date_gmt":"2022-09-06T10:40:17","guid":{"rendered":"https:\/\/www.jolana-krizkovska.space\/?page_id=8"},"modified":"2022-09-07T05:40:32","modified_gmt":"2022-09-07T05:40:32","slug":"kontakt","status":"publish","type":"page","link":"https:\/\/www.jolana-krizkovska.space\/?page_id=8","title":{"rendered":"Kontakt"},"content":{"rendered":"\n<p>Preferuji kontakt prost\u0159ednictv\u00edm e-mailu &#8211; obsah p\u011bkn\u011b po\u010dk\u00e1, a\u017e se mu budu moct soust\u0159ed\u011bn\u011b v\u011bnovat, nebudu m\u00edt ruce od zeminy \u010di d\u017eemu a nebudu pr\u00e1v\u011b facilitovat: <strong>jolana.krizkovska(zavin\u00e1\u010d)gmail.com<\/strong><\/p>\n\n\n\n<p>Pokud m\u00e1te pocit, \u017ee v\u011bc je t\u0159eba \u0159e\u0161it neodkladn\u011b, operativn\u011b a ihned, volejte (pokud nezved\u00e1m, tak pi\u0161te) na <strong>777 263 296<\/strong>. <\/p>\n\n\n\n<p>Jin\u00e9 n\u00e1stroje a aplikace (by\u0165 v\u00e1m je n\u011bkdo m\u016f\u017ee ak\u010dn\u011b nab\u00edzet) nepou\u017e\u00edv\u00e1m, nebo\u0165 jejich spr\u00e1va mne p\u0159ipravuje o \u010das. <\/p>\n","protected":false},"excerpt":{"rendered":"<p>Preferuji kontakt prost\u0159ednictv\u00edm e-mailu &#8211; obsah p\u011bkn\u011b po\u010dk\u00e1, a\u017e se mu budu moct soust\u0159ed\u011bn\u011b v\u011bnovat, nebudu m\u00edt ruce od zeminy \u010di d\u017eemu a nebudu pr\u00e1v\u011b facilitovat: jolana.krizkovska(zavin\u00e1\u010d)gmail.com Pokud m\u00e1te pocit, \u017ee v\u011bc je t\u0159eba \u0159e\u0161it neodkladn\u011b, operativn\u011b a ihned, volejte (pokud nezved\u00e1m, tak pi\u0161te) na 777 263 296. Jin\u00e9 n\u00e1stroje a aplikace (by\u0165 v\u00e1m je [&hellip;]<\/p>\n","protected":false},"author":1,"featured_media":0,"parent":0,"menu_order":0,"comment_status":"closed","ping_status":"closed","template":"","meta":{"footnotes":""},"class_list":["post-8","page","type-page","status-publish","hentry"],"_links":{"self":[{"href":"https:\/\/www.jolana-krizkovska.space\/index.php?rest_route=\/wp\/v2\/pages\/8","targetHints":{"allow":["GET"]}}],"collection":[{"href":"https:\/\/www.jolana-krizkovska.space\/index.php?rest_route=\/wp\/v2\/pages"}],"about":[{"href":"https:\/\/www.jolana-krizkovska.space\/index.php?rest_route=\/wp\/v2\/types\/page"}],"author":[{"embeddable":true,"href":"https:\/\/www.jolana-krizkovska.space\/index.php?rest_route=\/wp\/v2\/users\/1"}],"replies":[{"embeddable":true,"href":"https:\/\/www.jolana-krizkovska.space\/index.php?rest_route=%2Fwp%2Fv2%2Fcomments&post=8"}],"version-history":[{"count":2,"href":"https:\/\/www.jolana-krizkovska.space\/index.php?rest_route=\/wp\/v2\/pages\/8\/revisions"}],"predecessor-version":[{"id":41,"href":"https:\/\/www.jolana-krizkovska.space\/index.php?rest_route=\/wp\/v2\/pages\/8\/revisions\/41"}],"wp:attachment":[{"href":"https:\/\/www.jolana-krizkovska.space\/index.php?rest_route=%2Fwp%2Fv2%2Fmedia&parent=8"}],"curies":[{"name":"wp","href":"https:\/\/api.w.org\/{rel}","templated":true}]}}