{"id":97,"date":"2022-09-12T12:47:29","date_gmt":"2022-09-12T12:47:29","guid":{"rendered":"https:\/\/www.jolana-krizkovska.space\/?page_id=97"},"modified":"2024-11-02T10:05:18","modified_gmt":"2024-11-02T10:05:18","slug":"knihy","status":"publish","type":"page","link":"https:\/\/www.jolana-krizkovska.space\/?page_id=97","title":{"rendered":"Knihy"},"content":{"rendered":"\n<div class=\"wp-block-cover aligncenter\"><span aria-hidden=\"true\" class=\"wp-block-cover__background has-background-dim\"><\/span><img loading=\"lazy\" decoding=\"async\" width=\"960\" height=\"1280\" class=\"wp-block-cover__image-background wp-image-98\" alt=\"\" src=\"https:\/\/www.jolana-krizkovska.space\/wp-content\/uploads\/2022\/09\/129575786_147141310498845_6009776564823978282_n.jpg\" data-object-fit=\"cover\" srcset=\"https:\/\/www.jolana-krizkovska.space\/wp-content\/uploads\/2022\/09\/129575786_147141310498845_6009776564823978282_n.jpg 960w, https:\/\/www.jolana-krizkovska.space\/wp-content\/uploads\/2022\/09\/129575786_147141310498845_6009776564823978282_n-225x300.jpg 225w, https:\/\/www.jolana-krizkovska.space\/wp-content\/uploads\/2022\/09\/129575786_147141310498845_6009776564823978282_n-768x1024.jpg 768w\" sizes=\"auto, (max-width: 960px) 100vw, 960px\" \/><div class=\"wp-block-cover__inner-container is-layout-flow wp-block-cover-is-layout-flow\">\n<p class=\"has-text-align-center has-large-font-size\"><\/p>\n<\/div><\/div>\n\n\n\n<p class=\"has-primary-color has-text-color\">Sed\u00edm nad \u010distou plochou obrazovky, ob\u010das nap\u00ed\u0161u p\u00e1r slov a pak je zase sma\u017eu. Takhle to vypad\u00e1, kdy\u017e m\u00e1m napsat n\u011bco k t\u00e9to cest\u011b v Rozcestn\u00edku. <\/p>\n\n\n\n<p class=\"has-primary-color has-text-color\">Pro\u010d tomu tak je? Nejsp\u00ed\u0161 proto, \u017ee se jedn\u00e1 o moji nejintimn\u011bj\u0161\u00ed podobu. A jej\u00ed intimita je zv\u00fd\u0161ena t\u00edm, \u017ee ji sd\u00edl\u00edm se sv\u00fdm mu\u017eem. Nemluv\u00edm te\u010f o \u010dten\u00ed, ale o tvorb\u011b. Oba n\u00e1s zaj\u00edmaj\u00ed slova a jejich v\u00fdznamy, oba m\u00e1me r\u00e1di v\u00fdmluvn\u00e9 obr\u00e1zky i skryt\u00e1 poselstv\u00ed. J\u00e1 jsem ten, kdo nejd\u0159\u00edve pracuje se slovy a p\u0159edkl\u00e1d\u00e1 je k posouzen\u00ed, m\u016fj mu\u017e je ten, kdo navrhuje obrazy a tvary a p\u0159edkl\u00e1d\u00e1 je zase k posouzen\u00ed mn\u011b. <\/p>\n\n\n\n<p class=\"has-primary-color has-text-color\">Jak jsme se dostali k vyd\u00e1v\u00e1n\u00ed? \u00dapln\u011b jednodu\u0161e &#8211; ohl\u00e1sila jsem se jako vydavatel, dostala sadu deseti k\u00f3d\u016f a bylo to. Jen\u017ee k tomu rozhodnut\u00ed m\u011b dovedlo odm\u00edtnut\u00ed m\u00e9 prvn\u00ed knihy n\u011bkolika vydavatelstv\u00edmi. A jeliko\u017e jsem byla p\u0159esv\u011bd\u010den\u00e1, \u017ee kniha prost\u011b vyj\u00edt mus\u00ed, nedalo se to za\u0159\u00eddit jinak. Tou knihou byla biografie spisovatele <strong>Ji\u0159\u00edho Muchy<\/strong>. Dvacet let kr\u00e1sn\u00e9 pr\u00e1ce a podpory ze strany p\u0159\u00e1tel. Grafickou \u00fapravu a sazbu navrhl David Balihar. Kniha je vyprodan\u00e1, doma m\u00e1m posledn\u00ed t\u0159i kousky, kter\u00e9 jsem &#8211; u\u017e lehce po\u0161kozen\u00e9 &#8211; nechala st\u00e1hnout z knihkupectv\u00ed.  <\/p>\n\n\n<div class=\"wp-block-image\">\n<figure class=\"aligncenter size-medium\"><img loading=\"lazy\" decoding=\"async\" width=\"214\" height=\"300\" src=\"https:\/\/www.jolana-krizkovska.space\/wp-content\/uploads\/2022\/09\/138515524_10218702660617798_1048880419595121880_n-1-214x300.jpg\" alt=\"\" class=\"wp-image-100\" srcset=\"https:\/\/www.jolana-krizkovska.space\/wp-content\/uploads\/2022\/09\/138515524_10218702660617798_1048880419595121880_n-1-214x300.jpg 214w, https:\/\/www.jolana-krizkovska.space\/wp-content\/uploads\/2022\/09\/138515524_10218702660617798_1048880419595121880_n-1.jpg 250w\" sizes=\"auto, (max-width: 214px) 100vw, 214px\" \/><\/figure>\n<\/div>\n\n\n<p>V roce 2017 jsem ve spolupr\u00e1ci se \u0160t\u011bp\u00e1nkou Janoutovou napsala knihu <strong>Pokojovky pro zdrav\u00ed a na tal\u00ed\u0159i<\/strong>. Grafickou \u00fapravu u\u017e d\u011blal m\u016fj mu\u017e (velk\u00e9 d\u00edky za to, proto\u017ee t\u0159eba jenom upravit tu hromadu amat\u00e9rsk\u00fdch fotografi\u00ed byl nadlidsk\u00fd \u00fakol&#8230;). Kniha je je\u0161t\u011b v prodeji. <\/p>\n\n\n<div class=\"wp-block-image\">\n<figure class=\"aligncenter size-full\"><img loading=\"lazy\" decoding=\"async\" width=\"278\" height=\"300\" src=\"https:\/\/www.jolana-krizkovska.space\/wp-content\/uploads\/2022\/09\/obalka-278x300-1.png\" alt=\"\" class=\"wp-image-101\"\/><\/figure>\n<\/div>\n\n\n<p>Na\u0161e zku\u0161enosti a z\u00e1\u017eitky spojen\u00e9 s opu\u0161t\u011bn\u00edm velkom\u011bsta jsme zaznamenali v mal\u00e9m &#8222;den\u00ed\u010dku&#8220; nazvan\u00e9m <strong>#zivotvmaringotce<\/strong>. Op\u011bt spole\u010dn\u00e1 pr\u00e1ce a spole\u010dn\u00e1 radost a douf\u00e1m, \u017ee radost i pro ty, kdo ji \u010detli. P\u00e1r kousk\u016f je je\u0161t\u011b k dispozici. <\/p>\n\n\n<div class=\"wp-block-image\">\n<figure class=\"aligncenter size-full\"><img loading=\"lazy\" decoding=\"async\" width=\"437\" height=\"305\" src=\"https:\/\/www.jolana-krizkovska.space\/wp-content\/uploads\/2022\/09\/121018147_10218051275213570_8533212231727360901_n.jpg\" alt=\"\" class=\"wp-image-102\" srcset=\"https:\/\/www.jolana-krizkovska.space\/wp-content\/uploads\/2022\/09\/121018147_10218051275213570_8533212231727360901_n.jpg 437w, https:\/\/www.jolana-krizkovska.space\/wp-content\/uploads\/2022\/09\/121018147_10218051275213570_8533212231727360901_n-300x209.jpg 300w\" sizes=\"auto, (max-width: 437px) 100vw, 437px\" \/><\/figure>\n<\/div>\n\n\n<p>Nov\u00e9 z\u00e1\u017eitky a zku\u0161enosti z let 2020 &#8211; 2022 (ano, v\u00fdznamn\u011b ovlivn\u011bn\u00e9 pandemi\u00ed) jsme zaznamenali v kn\u00ed\u017ece <strong>\u017divot na pastvin\u011b<\/strong>. A jeliko\u017e tvrd\u00edm, \u017ee jsme jedin\u00ed vydavatel\u00e9, kte\u0159\u00ed znaj\u00ed sv\u00e9 \u010dten\u00e1\u0159e osobn\u011b, distribuujeme knihu sami &#8211; v p\u0159\u00edpad\u011b z\u00e1jmu sta\u010d\u00ed napsat na jolana.krizkovska\/zavin\u00e1\u010d\/gmail.com. Cena 170 K\u010d + 80 K\u010d po\u0161tovn\u00e9, p\u0159\u00edpadn\u011b r\u00e1di p\u0159ed\u00e1me osobn\u011b. <\/p>\n\n\n<div class=\"wp-block-image is-style-default\">\n<figure class=\"aligncenter size-medium\"><img loading=\"lazy\" decoding=\"async\" width=\"300\" height=\"215\" src=\"https:\/\/www.jolana-krizkovska.space\/wp-content\/uploads\/2024\/11\/Pastvina_obalka_titul-300x215.jpg\" alt=\"\" class=\"wp-image-116\" srcset=\"https:\/\/www.jolana-krizkovska.space\/wp-content\/uploads\/2024\/11\/Pastvina_obalka_titul-300x215.jpg 300w, https:\/\/www.jolana-krizkovska.space\/wp-content\/uploads\/2024\/11\/Pastvina_obalka_titul-1024x732.jpg 1024w, https:\/\/www.jolana-krizkovska.space\/wp-content\/uploads\/2024\/11\/Pastvina_obalka_titul-768x549.jpg 768w, https:\/\/www.jolana-krizkovska.space\/wp-content\/uploads\/2024\/11\/Pastvina_obalka_titul.jpg 1152w\" sizes=\"auto, (max-width: 300px) 100vw, 300px\" \/><\/figure>\n<\/div>\n\n\n<p>Pr\u00e1ce s textem a tvorba knih n\u00e1s bav\u00ed. R\u00e1di v\u00e1m pom\u016f\u017eeme, pokud chcete nebo pot\u0159ebujete n\u011bco napsat, upravit \u010di rovnou vydat. <\/p>\n","protected":false},"excerpt":{"rendered":"<p>Sed\u00edm nad \u010distou plochou obrazovky, ob\u010das nap\u00ed\u0161u p\u00e1r slov a pak je zase sma\u017eu. Takhle to vypad\u00e1, kdy\u017e m\u00e1m napsat n\u011bco k t\u00e9to cest\u011b v Rozcestn\u00edku. Pro\u010d tomu tak je? Nejsp\u00ed\u0161 proto, \u017ee se jedn\u00e1 o moji nejintimn\u011bj\u0161\u00ed podobu. A jej\u00ed intimita je zv\u00fd\u0161ena t\u00edm, \u017ee ji sd\u00edl\u00edm se sv\u00fdm mu\u017eem. Nemluv\u00edm te\u010f o \u010dten\u00ed, [&hellip;]<\/p>\n","protected":false},"author":1,"featured_media":0,"parent":0,"menu_order":0,"comment_status":"closed","ping_status":"closed","template":"","meta":{"footnotes":""},"class_list":["post-97","page","type-page","status-publish","hentry"],"_links":{"self":[{"href":"https:\/\/www.jolana-krizkovska.space\/index.php?rest_route=\/wp\/v2\/pages\/97","targetHints":{"allow":["GET"]}}],"collection":[{"href":"https:\/\/www.jolana-krizkovska.space\/index.php?rest_route=\/wp\/v2\/pages"}],"about":[{"href":"https:\/\/www.jolana-krizkovska.space\/index.php?rest_route=\/wp\/v2\/types\/page"}],"author":[{"embeddable":true,"href":"https:\/\/www.jolana-krizkovska.space\/index.php?rest_route=\/wp\/v2\/users\/1"}],"replies":[{"embeddable":true,"href":"https:\/\/www.jolana-krizkovska.space\/index.php?rest_route=%2Fwp%2Fv2%2Fcomments&post=97"}],"version-history":[{"count":3,"href":"https:\/\/www.jolana-krizkovska.space\/index.php?rest_route=\/wp\/v2\/pages\/97\/revisions"}],"predecessor-version":[{"id":117,"href":"https:\/\/www.jolana-krizkovska.space\/index.php?rest_route=\/wp\/v2\/pages\/97\/revisions\/117"}],"wp:attachment":[{"href":"https:\/\/www.jolana-krizkovska.space\/index.php?rest_route=%2Fwp%2Fv2%2Fmedia&parent=97"}],"curies":[{"name":"wp","href":"https:\/\/api.w.org\/{rel}","templated":true}]}}